{"id":5479,"date":"2022-07-27T06:59:08","date_gmt":"2022-07-27T04:59:08","guid":{"rendered":"https:\/\/invelion.pl\/?post_type=product&#038;p=5479"},"modified":"2022-07-27T07:02:42","modified_gmt":"2022-07-27T05:02:42","slug":"kinkiet-shine-chrome-30cm-7w-led-2","status":"publish","type":"product","link":"https:\/\/invelion.pl\/?product=kinkiet-shine-chrome-30cm-7w-led-2","title":{"rendered":"Kinkiet SHINE CHROME 30cm 7W LED"},"content":{"rendered":"<p>SHINE \u2013 funkcjonalno\u015b\u0107 i estetyka na najwy\u017cszym poziomie<\/p>\n<p>Kolekcja Shine zosta\u0142a zaprojektowana w ten spos\u00f3b, aby poza wysok\u0105 funkcjonalno\u015bci\u0105 stanowi\u0142a r\u00f3wnie\u017c element dekoracyjny wn\u0119trza. To grupa kinkiet\u00f3w, kt\u00f3re dzi\u0119ki bardzo prostym liniom stylistycznym maj\u0105 wielu mi\u0142o\u015bnik\u00f3w. Modele Shine charakteryzuj\u0105 si\u0119 perfekcyjnym wyko\u0144czeniem przy zachowaniu atrakcyjnej ceny.<br \/>Unikalny styl kinkietu z kolekcji Shine pasuje do ka\u017cdego rodzaju wn\u0119trza. Sprawdz\u0105 si\u0119 we wszystkich minimalistycznych i nowoczesnych aran\u017cacjach. Swoj\u0105 funkcj\u0119 najlepiej b\u0119d\u0105 pe\u0142ni\u0107 w \u0142azience, zawieszone nad lustrem. Ochron\u0119 przed kroplami wody zapewni klasa szczelno\u015bci IP44. <br \/>Dzi\u0119ki wyj\u0105tkowemu designowi stanowi\u0105 te\u017c idealne o\u015bwietlenie obraz\u00f3w zar\u00f3wno w prywatnych domach jak i pomieszczeniach hoteli i biur. <br \/>Neutralna barwa 4000K jest przyjemna dla oka i pasuje i pasuje do ca\u0142ej palety barw \u015bcian, mebli czy dodatk\u00f3w dekoracyjnych. <br \/>Rodzina kinkiet\u00f3w Shine dost\u0119pna jest w 6 wariantach kolorystycznych.<\/p>\n","protected":false},"excerpt":{"rendered":"<p>&hellip; <a class=\"read-more-link\" href=\"https:\/\/invelion.pl\/?product=kinkiet-shine-chrome-30cm-7w-led-2\">Read More<\/a><\/p>\n","protected":false},"featured_media":5603,"comment_status":"open","ping_status":"closed","template":"","meta":[],"product_cat":[145],"product_tag":[],"class_list":{"0":"post-5479","1":"product","2":"type-product","3":"status-publish","4":"has-post-thumbnail","6":"product_cat-oswietlenie-wewnetrzne","9":"first","10":"instock","11":"shipping-taxable","12":"purchasable","13":"product-type-simple"},"yoast_head":"<!-- This site is optimized with the Yoast SEO plugin v19.7.1 - https:\/\/yoast.com\/wordpress\/plugins\/seo\/ -->\n<title>Kinkiet SHINE CHROME 30cm 7W LED - Invelion - sklep z wyposa\u017ceniem wn\u0119trz, dodatkami, o\u015bwietleniem<\/title>\n<meta name=\"robots\" content=\"index, follow, max-snippet:-1, max-image-preview:large, max-video-preview:-1\" \/>\n<link rel=\"canonical\" href=\"https:\/\/invelion.pl\/?product=kinkiet-shine-chrome-30cm-7w-led-2\" \/>\n<meta property=\"og:locale\" content=\"pl_PL\" \/>\n<meta property=\"og:type\" content=\"article\" \/>\n<meta property=\"og:title\" content=\"Kinkiet SHINE CHROME 30cm 7W LED - Invelion - sklep z wyposa\u017ceniem wn\u0119trz, dodatkami, o\u015bwietleniem\" \/>\n<meta property=\"og:description\" content=\"&hellip; Read More\" \/>\n<meta property=\"og:url\" content=\"https:\/\/invelion.pl\/?product=kinkiet-shine-chrome-30cm-7w-led-2\" \/>\n<meta property=\"og:site_name\" content=\"Invelion - sklep z wyposa\u017ceniem wn\u0119trz, dodatkami, o\u015bwietleniem\" \/>\n<meta property=\"article:modified_time\" content=\"2022-07-27T05:02:42+00:00\" \/>\n<meta name=\"twitter:card\" content=\"summary_large_image\" \/>\n<meta name=\"twitter:label1\" content=\"Szacowany czas czytania\" \/>\n\t<meta name=\"twitter:data1\" content=\"1 minuta\" \/>\n<script type=\"application\/ld+json\" class=\"yoast-schema-graph\">{\"@context\":\"https:\/\/schema.org\",\"@graph\":[{\"@type\":\"WebPage\",\"@id\":\"https:\/\/invelion.pl\/?product=kinkiet-shine-chrome-30cm-7w-led-2\",\"url\":\"https:\/\/invelion.pl\/?product=kinkiet-shine-chrome-30cm-7w-led-2\",\"name\":\"Kinkiet SHINE CHROME 30cm 7W LED - Invelion - sklep z wyposa\u017ceniem wn\u0119trz, dodatkami, o\u015bwietleniem\",\"isPartOf\":{\"@id\":\"https:\/\/invelion.pl\/#website\"},\"datePublished\":\"2022-07-27T04:59:08+00:00\",\"dateModified\":\"2022-07-27T05:02:42+00:00\",\"breadcrumb\":{\"@id\":\"https:\/\/invelion.pl\/?product=kinkiet-shine-chrome-30cm-7w-led-2#breadcrumb\"},\"inLanguage\":\"pl-PL\",\"potentialAction\":[{\"@type\":\"ReadAction\",\"target\":[\"https:\/\/invelion.pl\/?product=kinkiet-shine-chrome-30cm-7w-led-2\"]}]},{\"@type\":\"BreadcrumbList\",\"@id\":\"https:\/\/invelion.pl\/?product=kinkiet-shine-chrome-30cm-7w-led-2#breadcrumb\",\"itemListElement\":[{\"@type\":\"ListItem\",\"position\":1,\"name\":\"Home\",\"item\":\"https:\/\/invelion.pl\/\"},{\"@type\":\"ListItem\",\"position\":2,\"name\":\"Sklep\",\"item\":\"https:\/\/invelion.pl\/?page_id=9\"},{\"@type\":\"ListItem\",\"position\":3,\"name\":\"Kinkiet SHINE CHROME 30cm 7W LED\"}]},{\"@type\":\"WebSite\",\"@id\":\"https:\/\/invelion.pl\/#website\",\"url\":\"https:\/\/invelion.pl\/\",\"name\":\"Invelion - sklep z wyposa\u017ceniem wn\u0119trz, dodatkami, o\u015bwietleniem\",\"description\":\"Kolejna witryna oparta na WordPressie\",\"potentialAction\":[{\"@type\":\"SearchAction\",\"target\":{\"@type\":\"EntryPoint\",\"urlTemplate\":\"https:\/\/invelion.pl\/?s={search_term_string}\"},\"query-input\":\"required name=search_term_string\"}],\"inLanguage\":\"pl-PL\"}]}<\/script>\n<!-- \/ Yoast SEO plugin. -->","yoast_head_json":{"title":"Kinkiet SHINE CHROME 30cm 7W LED - Invelion - sklep z wyposa\u017ceniem wn\u0119trz, dodatkami, o\u015bwietleniem","robots":{"index":"index","follow":"follow","max-snippet":"max-snippet:-1","max-image-preview":"max-image-preview:large","max-video-preview":"max-video-preview:-1"},"canonical":"https:\/\/invelion.pl\/?product=kinkiet-shine-chrome-30cm-7w-led-2","og_locale":"pl_PL","og_type":"article","og_title":"Kinkiet SHINE CHROME 30cm 7W LED - Invelion - sklep z wyposa\u017ceniem wn\u0119trz, dodatkami, o\u015bwietleniem","og_description":"&hellip; Read More","og_url":"https:\/\/invelion.pl\/?product=kinkiet-shine-chrome-30cm-7w-led-2","og_site_name":"Invelion - sklep z wyposa\u017ceniem wn\u0119trz, dodatkami, o\u015bwietleniem","article_modified_time":"2022-07-27T05:02:42+00:00","twitter_card":"summary_large_image","twitter_misc":{"Szacowany czas czytania":"1 minuta"},"schema":{"@context":"https:\/\/schema.org","@graph":[{"@type":"WebPage","@id":"https:\/\/invelion.pl\/?product=kinkiet-shine-chrome-30cm-7w-led-2","url":"https:\/\/invelion.pl\/?product=kinkiet-shine-chrome-30cm-7w-led-2","name":"Kinkiet SHINE CHROME 30cm 7W LED - Invelion - sklep z wyposa\u017ceniem wn\u0119trz, dodatkami, o\u015bwietleniem","isPartOf":{"@id":"https:\/\/invelion.pl\/#website"},"datePublished":"2022-07-27T04:59:08+00:00","dateModified":"2022-07-27T05:02:42+00:00","breadcrumb":{"@id":"https:\/\/invelion.pl\/?product=kinkiet-shine-chrome-30cm-7w-led-2#breadcrumb"},"inLanguage":"pl-PL","potentialAction":[{"@type":"ReadAction","target":["https:\/\/invelion.pl\/?product=kinkiet-shine-chrome-30cm-7w-led-2"]}]},{"@type":"BreadcrumbList","@id":"https:\/\/invelion.pl\/?product=kinkiet-shine-chrome-30cm-7w-led-2#breadcrumb","itemListElement":[{"@type":"ListItem","position":1,"name":"Home","item":"https:\/\/invelion.pl\/"},{"@type":"ListItem","position":2,"name":"Sklep","item":"https:\/\/invelion.pl\/?page_id=9"},{"@type":"ListItem","position":3,"name":"Kinkiet SHINE CHROME 30cm 7W LED"}]},{"@type":"WebSite","@id":"https:\/\/invelion.pl\/#website","url":"https:\/\/invelion.pl\/","name":"Invelion - sklep z wyposa\u017ceniem wn\u0119trz, dodatkami, o\u015bwietleniem","description":"Kolejna witryna oparta na WordPressie","potentialAction":[{"@type":"SearchAction","target":{"@type":"EntryPoint","urlTemplate":"https:\/\/invelion.pl\/?s={search_term_string}"},"query-input":"required name=search_term_string"}],"inLanguage":"pl-PL"}]}},"_links":{"self":[{"href":"https:\/\/invelion.pl\/index.php?rest_route=\/wp\/v2\/product\/5479","targetHints":{"allow":["GET"]}}],"collection":[{"href":"https:\/\/invelion.pl\/index.php?rest_route=\/wp\/v2\/product"}],"about":[{"href":"https:\/\/invelion.pl\/index.php?rest_route=\/wp\/v2\/types\/product"}],"replies":[{"embeddable":true,"href":"https:\/\/invelion.pl\/index.php?rest_route=%2Fwp%2Fv2%2Fcomments&post=5479"}],"wp:featuredmedia":[{"embeddable":true,"href":"https:\/\/invelion.pl\/index.php?rest_route=\/wp\/v2\/media\/5603"}],"wp:attachment":[{"href":"https:\/\/invelion.pl\/index.php?rest_route=%2Fwp%2Fv2%2Fmedia&parent=5479"}],"wp:term":[{"taxonomy":"product_cat","embeddable":true,"href":"https:\/\/invelion.pl\/index.php?rest_route=%2Fwp%2Fv2%2Fproduct_cat&post=5479"},{"taxonomy":"product_tag","embeddable":true,"href":"https:\/\/invelion.pl\/index.php?rest_route=%2Fwp%2Fv2%2Fproduct_tag&post=5479"}],"curies":[{"name":"wp","href":"https:\/\/api.w.org\/{rel}","templated":true}]}}